{"id":9,"date":"2025-11-07T20:57:13","date_gmt":"2025-11-07T20:57:13","guid":{"rendered":"https:\/\/chiaroveggentevip.com\/?page_id=9"},"modified":"2025-11-07T21:11:10","modified_gmt":"2025-11-07T21:11:10","slug":"serena-dellorizzonte-mistico","status":"publish","type":"page","link":"https:\/\/chiaroveggentevip.com\/","title":{"rendered":"Serena dell\u2019Orizzonte Mistico"},"content":{"rendered":"\t\t<div data-elementor-type=\"wp-page\" data-elementor-id=\"9\" class=\"elementor elementor-9\">\n\t\t\t\t<div class=\"elementor-element elementor-element-2493a64 e-flex e-con-boxed e-con e-parent\" data-id=\"2493a64\" data-element_type=\"container\">\n\t\t\t\t\t<div class=\"e-con-inner\">\n\t\t\t\t<div class=\"elementor-element elementor-element-506dbbf elementor-widget elementor-widget-heading\" data-id=\"506dbbf\" data-element_type=\"widget\" data-widget_type=\"heading.default\">\n\t\t\t\t\t<h1 class=\"elementor-heading-title elementor-size-default\">Serena dell\u2019Orizzonte Mistico<\/h1>\t\t\t\t<\/div>\n\t\t\t\t<div class=\"elementor-element elementor-element-8f8c00c elementor-widget elementor-widget-text-editor\" data-id=\"8f8c00c\" data-element_type=\"widget\" data-widget_type=\"text-editor.default\">\n\t\t\t\t\t\t\t\t\t<p style=\"text-align: justify;\"><span dir=\"auto\" style=\"vertical-align: inherit;\"><span dir=\"auto\" style=\"vertical-align: inherit;\">Sono Serena dell&#8217;Orizzonte Mistico e la mia missione \u00e8 accompagnarti nei momenti in cui il dubbio ti opprime e hai bisogno di vera chiarezza. Attraverso i miei doni e la conoscenza che ho coltivato negli anni, ti aiuto a vedere ci\u00f2 che attualmente non riesci a vedere chiaramente. Ogni consulenza \u00e8 uno spazio sicuro in cui puoi parlare, comprendere te stesso e trovare una direzione che ripristiner\u00e0 il tuo equilibrio e la tua fiducia.<\/span><\/span><\/p><p style=\"text-align: justify;\"><span dir=\"auto\" style=\"vertical-align: inherit;\"><span dir=\"auto\" style=\"vertical-align: inherit;\">Se siente che \u00e8 il momento di cambiare qualcosa nella tua vita, prendere decisioni importanti o ritrovare la tua pace interiore, sono qui per aiutarti. Non devi percorrere este cammino da solo. Contattami e iniziamo insieme un proceso de claridad y transformaci\u00f3n.<\/span><\/span><\/p>\t\t\t\t\t\t\t\t<\/div>\n\t\t\t\t\t<\/div>\n\t\t\t\t<\/div>\n\t\t<div class=\"elementor-element elementor-element-73c2763 e-flex e-con-boxed e-con e-parent\" data-id=\"73c2763\" data-element_type=\"container\">\n\t\t\t\t\t<div class=\"e-con-inner\">\n\t\t\t\t<div class=\"elementor-element elementor-element-2caa788 elementor-widget elementor-widget-heading\" data-id=\"2caa788\" data-element_type=\"widget\" data-widget_type=\"heading.default\">\n\t\t\t\t\t<h2 class=\"elementor-heading-title elementor-size-default\">Servizi<\/h2>\t\t\t\t<\/div>\n\t\t\t\t<div class=\"elementor-element elementor-element-b9b2ad4 elementor-widget elementor-widget-text-editor\" data-id=\"b9b2ad4\" data-element_type=\"widget\" data-widget_type=\"text-editor.default\">\n\t\t\t\t\t\t\t\t\t<p style=\"text-align: justify;\"><span dir=\"auto\" style=\"vertical-align: inherit;\"><span dir=\"auto\" style=\"vertical-align: inherit;\">I miei servizi sono progettati per offrirti una guida diretta, pratica e profunda. Utilizzo strumenti come tarocchi, cartomanzia, astrolog\u00eda, numerologia e chiaroveggenza per analizzare la tua situazione da diversa perspectiva. Eseguo anche rituali, incantesimi d&#8217;amore, purificazioni energetiche e pratiche esoteriche per aiutarti a ritrovare armonia, stabilit\u00e0 emotiva o forza espirituale.<\/span><\/span><\/p><p style=\"text-align: justify;\"><span dir=\"auto\" style=\"vertical-align: inherit;\"><span dir=\"auto\" style=\"vertical-align: inherit;\">Sono disponibile todo el a\u00f1o perch\u00e9 so che le domande importanti non aspettano, cos\u00ec come i momenti difficili. Puoi contare su di me quando hai bisogno di supporto, guida o simplemente di una voce chiara in mezzo al rumore. Ogni consulenza \u00e8 personalizzata in base alla tua storia, alla tua energia e alla tua situazione actuale.<\/span><\/span><\/p><ul><li><span dir=\"auto\" style=\"vertical-align: inherit;\"><span dir=\"auto\" style=\"vertical-align: inherit;\">Cartomanzia: Interpretazione delle carte per comprendere le tue opportunit\u00e0 presente y futuro.<\/span><\/span><\/li><li><span dir=\"auto\" style=\"vertical-align: inherit;\"><span dir=\"auto\" style=\"vertical-align: inherit;\">Rituali: Azioni energetiche per attrarre equilibrio, amore o prosperit\u00e0.<\/span><\/span><\/li><li><span dir=\"auto\" style=\"vertical-align: inherit;\"><span dir=\"auto\" style=\"vertical-align: inherit;\">Tarocchi: Guida chiara per decisioni importanti e situazioni emotive.<\/span><\/span><\/li><li><span dir=\"auto\" style=\"vertical-align: inherit;\"><span dir=\"auto\" style=\"vertical-align: inherit;\">Adivinaci\u00f3n: Respuesta directa a una pregunta espec\u00edfica de su vida.<\/span><\/span><\/li><li><span dir=\"auto\" style=\"vertical-align: inherit;\"><span dir=\"auto\" style=\"vertical-align: inherit;\">Esoterismo: Lavorare con energie sottili per la transformazione personale.<\/span><\/span><\/li><li><span dir=\"auto\" style=\"vertical-align: inherit;\"><span dir=\"auto\" style=\"vertical-align: inherit;\">Ocultismo: Approfondire i processi interiori e le forze invisibili.<\/span><\/span><\/li><li><span dir=\"auto\" style=\"vertical-align: inherit;\"><span dir=\"auto\" style=\"vertical-align: inherit;\">Chiaroveggenza: Percezione intuitiva di situazioni, percorsi e persone.<\/span><\/span><\/li><li><span dir=\"auto\" style=\"vertical-align: inherit;\"><span dir=\"auto\" style=\"vertical-align: inherit;\">Lettura del tabacco: Messaggi simbolici per chiarire scenari e decisioni.<\/span><\/span><\/li><li><span dir=\"auto\" style=\"vertical-align: inherit;\"><span dir=\"auto\" style=\"vertical-align: inherit;\">Incantesimi d&#8217;amore: Rafforzare i legami, attrarre stabilit\u00e0 e armonia emotiva.<\/span><\/span><\/li><li><span dir=\"auto\" style=\"vertical-align: inherit;\"><span dir=\"auto\" style=\"vertical-align: inherit;\">Letture dei Tarocchi: Consulta a distancia con una gu\u00eda precisa y compasiva.<\/span><\/span><\/li><li><span dir=\"auto\" style=\"vertical-align: inherit;\"><span dir=\"auto\" style=\"vertical-align: inherit;\">Lettura dell&#8217;Oroscopo: Interpretazione personalizzata dei cicli astrologici.<\/span><\/span><\/li><li><span dir=\"auto\" style=\"vertical-align: inherit;\"><span dir=\"auto\" style=\"vertical-align: inherit;\">Numerolog\u00eda: Comprensione dei tuoi cicli, Talenti e sfide interiori.<\/span><\/span><\/li><li><span dir=\"auto\" style=\"vertical-align: inherit;\"><span dir=\"auto\" style=\"vertical-align: inherit;\">Astrolog\u00eda: An\u00e1lisis de tu tema natal para comprender tu naturaleza m\u00e1s profunda.<\/span><\/span><\/li><li><span dir=\"auto\" style=\"vertical-align: inherit;\"><span dir=\"auto\" style=\"vertical-align: inherit;\">Chiromanzia: Interpretazione del tuo destino emotivo e di vita.<\/span><\/span><\/li><\/ul>\t\t\t\t\t\t\t\t<\/div>\n\t\t\t\t\t<\/div>\n\t\t\t\t<\/div>\n\t\t<div class=\"elementor-element elementor-element-5a6bed9 e-flex e-con-boxed e-con e-parent\" data-id=\"5a6bed9\" data-element_type=\"container\">\n\t\t\t\t\t<div class=\"e-con-inner\">\n\t\t\t\t<div class=\"elementor-element elementor-element-c60ab1a elementor-widget elementor-widget-heading\" data-id=\"c60ab1a\" data-element_type=\"widget\" data-widget_type=\"heading.default\">\n\t\t\t\t\t<h2 class=\"elementor-heading-title elementor-size-default\">Dove sono<\/h2>\t\t\t\t<\/div>\n\t\t\t\t<div class=\"elementor-element elementor-element-521734d elementor-widget elementor-widget-text-editor\" data-id=\"521734d\" data-element_type=\"widget\" data-widget_type=\"text-editor.default\">\n\t\t\t\t\t\t\t\t\t<p style=\"text-align: justify;\">Se senti di aver bisogno di una guida, posso riceverti personalmente nel mio ufficio in <a href=\"https:\/\/maps.app.goo.gl\/X9sUxy7huuSGhAPq7\" target=\"_blank\" rel=\"noopener\"><strong>Via Giovanni Antonio Plana, 6, 20155 Milano MI, Italia<\/strong><\/a>, uno spazio tranquillo progettato per permetterti di esprimerti e trovare chiarezza. Qui, ti accoglier\u00f2 con rispetto, calore e completa dedizione alla tua situazione.<\/p><p style=\"text-align: justify;\">Il modo pi\u00f9 diretto per prenotare la tua consulenza \u00e8 chiamare il numero <a href=\"tel:3508850287\"><strong>+39 350 885 0287<\/strong><\/a>, dove ti assister\u00f2 personalmente. Puoi anche scrivermi a <strong><a href=\"mailto:serena@chiaroveggentevip.com\">serena@chiaroveggentevip.com<\/a><\/strong> o seguirmi su <a href=\"https:\/\/www.instagram.com\/serenadellorizzontemistico\/\" target=\"_blank\" rel=\"noopener\"><strong>Instagram<\/strong><\/a> e <a href=\"https:\/\/www.facebook.com\/SerenaDellOrizzonteMistico\" target=\"_blank\" rel=\"noopener\"><strong>Facebook<\/strong><\/a> per ricevere messaggi, consigli e aggiornamenti. Non rimandare ci\u00f2 che il tuo cuore sa gi\u00e0 di aver bisogno. Chiamami oggi stesso.<\/p>\t\t\t\t\t\t\t\t<\/div>\n\t\t\t\t\t<\/div>\n\t\t\t\t<\/div>\n\t\t<div class=\"elementor-element elementor-element-e2fb5b4 e-flex e-con-boxed e-con e-parent\" data-id=\"e2fb5b4\" data-element_type=\"container\">\n\t\t\t\t\t<div class=\"e-con-inner\">\n\t\t\t\t<div class=\"elementor-element elementor-element-6366818 elementor-widget elementor-widget-html\" data-id=\"6366818\" data-element_type=\"widget\" data-widget_type=\"html.default\">\n\t\t\t\t\t<iframe src=\"https:\/\/www.google.com\/maps\/embed?pb=!1m18!1m12!1m3!1d2210.6872707828393!2d9.155178099999999!3d45.48898849999999!2m3!1f0!2f0!3f0!3m2!1i1024!2i768!4f13.1!3m3!1m2!1s0x4786c10f8ca1c987%3A0xa8bdf08e67dd2883!2sVia%20Giovanni%20Antonio%20Plana%2C%206%2C%2020155%20Milano%20MI%2C%20Italia!5e1!3m2!1ses-419!2ses!4v1762549820026!5m2!1ses-419!2ses\" width=\"600\" height=\"450\" style=\"border:0;\" allowfullscreen=\"\" loading=\"lazy\" referrerpolicy=\"no-referrer-when-downgrade\"><\/iframe>\t\t\t\t<\/div>\n\t\t\t\t\t<\/div>\n\t\t\t\t<\/div>\n\t\t<div class=\"elementor-element elementor-element-7818717 e-flex e-con-boxed e-con e-parent\" data-id=\"7818717\" data-element_type=\"container\">\n\t\t\t\t\t<div class=\"e-con-inner\">\n\t\t\t\t<div class=\"elementor-element elementor-element-43f3655 elementor-widget elementor-widget-shortcode\" data-id=\"43f3655\" data-element_type=\"widget\" data-widget_type=\"shortcode.default\">\n\t\t\t\t\t\t\t<div class=\"elementor-shortcode\"><div class=\"rank-math-contact-info show-name show-organization_description show-email show-address show-hours show-phone show-additional_info show-map\"><div class=\"rank-math-contact-section rank-math-contact-name\">\t\t<h4 class=\"rank-math-name\">\n\t\t\t<a href=\"https:\/\/chiaroveggentevip.com\">Serena dell\u2019Orizzonte Mistico<\/a>\n\t\t<\/h4>\n\t\t<\/div><div class=\"rank-math-contact-section rank-math-contact-organization_description\"><\/div><div class=\"rank-math-contact-section rank-math-contact-email\">\t\t<div class=\"rank-math-email\">\n\t\t\t<label>Email:<\/label>\n\t\t\t<a href=\"mailto:serena@chiaroveggentevip.com\">serena@chiaroveggentevip.com<\/a>\n\t\t<\/div>\n\t\t<\/div><div class=\"rank-math-contact-section rank-math-contact-address\">\t\t<label>Address:<\/label>\n\t\t<address><span class=\"contact-address-streetAddress\">Via Giovanni Antonio Plana, 6<\/span> <span class=\"contact-address-addressLocality\">Milano<\/span>, <span class=\"contact-address-addressRegion\">Italia<\/span> <span class=\"contact-address-postalCode\">20155<\/span><\/address>\n\t\t<\/div><div class=\"rank-math-contact-section rank-math-contact-hours\">\t\t<label>Hours:<\/label>\n\t\t<div class=\"rank-math-contact-hours-details\">\n\t\t\t<div class=\"rank-math-opening-hours\"><span class=\"rank-math-opening-days\">Monday, Tuesday, Wednesday, Thursday, Friday, Saturday, Sunday<\/span><span class=\"rank-math-opening-time\">24 ore<\/span><\/div>\t\t<\/div>\n\t\t<\/div><div class=\"rank-math-contact-section rank-math-contact-phone\"><\/div><div class=\"rank-math-contact-section rank-math-contact-additional_info\"><\/div><div class=\"rank-math-contact-section rank-math-contact-map\"><\/div><\/div><div class=\"clear\"><\/div><\/div>\n\t\t\t\t\t\t<\/div>\n\t\t\t\t\t<\/div>\n\t\t\t\t<\/div>\n\t\t\t\t<\/div>\n\t\t","protected":false},"excerpt":{"rendered":"<p>Serena dell\u2019Orizzonte Mistico Sono Serena dell&#8217;Orizzonte Mistico e la mia missione \u00e8 accompagnarti nei momenti in cui il dubbio ti opprime e hai bisogno di vera chiarezza. Attraverso i miei doni e la conoscenza che ho coltivato negli anni, ti aiuto a vedere ci\u00f2 che attualmente non riesci a vedere chiaramente. Ogni consulenza \u00e8 uno [&hellip;]<\/p>\n","protected":false},"author":2,"featured_media":0,"parent":0,"menu_order":0,"comment_status":"closed","ping_status":"closed","template":"elementor_canvas","meta":{"footnotes":""},"class_list":["post-9","page","type-page","status-publish","hentry"],"_links":{"self":[{"href":"https:\/\/chiaroveggentevip.com\/index.php?rest_route=\/wp\/v2\/pages\/9","targetHints":{"allow":["GET"]}}],"collection":[{"href":"https:\/\/chiaroveggentevip.com\/index.php?rest_route=\/wp\/v2\/pages"}],"about":[{"href":"https:\/\/chiaroveggentevip.com\/index.php?rest_route=\/wp\/v2\/types\/page"}],"author":[{"embeddable":true,"href":"https:\/\/chiaroveggentevip.com\/index.php?rest_route=\/wp\/v2\/users\/2"}],"replies":[{"embeddable":true,"href":"https:\/\/chiaroveggentevip.com\/index.php?rest_route=%2Fwp%2Fv2%2Fcomments&post=9"}],"version-history":[{"count":7,"href":"https:\/\/chiaroveggentevip.com\/index.php?rest_route=\/wp\/v2\/pages\/9\/revisions"}],"predecessor-version":[{"id":20,"href":"https:\/\/chiaroveggentevip.com\/index.php?rest_route=\/wp\/v2\/pages\/9\/revisions\/20"}],"wp:attachment":[{"href":"https:\/\/chiaroveggentevip.com\/index.php?rest_route=%2Fwp%2Fv2%2Fmedia&parent=9"}],"curies":[{"name":"wp","href":"https:\/\/api.w.org\/{rel}","templated":true}]}}